{"id":910,"date":"2026-01-23T21:33:04","date_gmt":"2026-01-23T21:33:04","guid":{"rendered":"https:\/\/liquidbluebali.com\/?page_id=910"},"modified":"2026-04-24T07:57:20","modified_gmt":"2026-04-24T07:57:20","slug":"rescue-diver","status":"publish","type":"page","link":"https:\/\/liquidbluebali.com\/en\/rescue-diver\/","title":{"rendered":"Rescue Diver Course"},"content":{"rendered":"<div data-elementor-type=\"wp-page\" data-elementor-id=\"910\" class=\"elementor elementor-910\">\n\t\t\t\t\t\t<section class=\"elementor-section elementor-top-section elementor-element elementor-element-7ecb4ab6 elementor-section-full_width spa-tittle-banner elementor-section-height-default elementor-section-height-default elementor-invisible\" data-id=\"7ecb4ab6\" data-element_type=\"section\" data-e-type=\"section\" data-settings=\"{&quot;animation&quot;:&quot;pulse&quot;,&quot;background_background&quot;:&quot;classic&quot;,&quot;shape_divider_bottom&quot;:&quot;wave-brush&quot;}\">\n\t\t\t\t\t\t\t<div class=\"elementor-background-overlay\"><\/div>\n\t\t\t\t\t\t<div class=\"elementor-shape elementor-shape-bottom\" aria-hidden=\"true\" data-negative=\"false\">\n\t\t\t<svg xmlns=\"http:\/\/www.w3.org\/2000\/svg\" viewbox=\"0 0 283.5 27.8\" preserveaspectratio=\"none\">\n\t<path class=\"elementor-shape-fill\" d=\"M283.5,9.7c0,0-7.3,4.3-14,4.6c-6.8,0.3-12.6,0-20.9-1.5c-11.3-2-33.1-10.1-44.7-5.7\ts-12.1,4.6-18,7.4c-6.6,3.2-20,9.6-36.6,9.3C131.6,23.5,99.5,7.2,86.3,8c-1.4,0.1-6.6,0.8-10.5,2c-3.8,1.2-9.4,3.8-17,4.7\tc-3.2,0.4-8.3,1.1-14.2,0.9c-1.5-0.1-6.3-0.4-12-1.6c-5.7-1.2-11-3.1-15.8-3.7C6.5,9.2,0,10.8,0,10.8V0h283.5V9.7z M260.8,11.3\tc-0.7-1-2-0.4-4.3-0.4c-2.3,0-6.1-1.2-5.8-1.1c0.3,0.1,3.1,1.5,6,1.9C259.7,12.2,261.4,12.3,260.8,11.3z M242.4,8.6\tc0,0-2.4-0.2-5.6-0.9c-3.2-0.8-10.3-2.8-15.1-3.5c-8.2-1.1-15.8,0-15.1,0.1c0.8,0.1,9.6-0.6,17.6,1.1c3.3,0.7,9.3,2.2,12.4,2.7\tC239.9,8.7,242.4,8.6,242.4,8.6z M185.2,8.5c1.7-0.7-13.3,4.7-18.5,6.1c-2.1,0.6-6.2,1.6-10,2c-3.9,0.4-8.9,0.4-8.8,0.5\tc0,0.2,5.8,0.8,11.2,0c5.4-0.8,5.2-1.1,7.6-1.6C170.5,14.7,183.5,9.2,185.2,8.5z M199.1,6.9c0.2,0-0.8-0.4-4.8,1.1\tc-4,1.5-6.7,3.5-6.9,3.7c-0.2,0.1,3.5-1.8,6.6-3C197,7.5,199,6.9,199.1,6.9z M283,6c-0.1,0.1-1.9,1.1-4.8,2.5s-6.9,2.8-6.7,2.7\tc0.2,0,3.5-0.6,7.4-2.5C282.8,6.8,283.1,5.9,283,6z M31.3,11.6c0.1-0.2-1.9-0.2-4.5-1.2s-5.4-1.6-7.8-2C15,7.6,7.3,8.5,7.7,8.6\tC8,8.7,15.9,8.3,20.2,9.3c2.2,0.5,2.4,0.5,5.7,1.6S31.2,11.9,31.3,11.6z M73,9.2c0.4-0.1,3.5-1.6,8.4-2.6c4.9-1.1,8.9-0.5,8.9-0.8\tc0-0.3-1-0.9-6.2-0.3S72.6,9.3,73,9.2z M71.6,6.7C71.8,6.8,75,5.4,77.3,5c2.3-0.3,1.9-0.5,1.9-0.6c0-0.1-1.1-0.2-2.7,0.2\tC74.8,5.1,71.4,6.6,71.6,6.7z M93.6,4.4c0.1,0.2,3.5,0.8,5.6,1.8c2.1,1,1.8,0.6,1.9,0.5c0.1-0.1-0.8-0.8-2.4-1.3\tC97.1,4.8,93.5,4.2,93.6,4.4z M65.4,11.1c-0.1,0.3,0.3,0.5,1.9-0.2s2.6-1.3,2.2-1.2s-0.9,0.4-2.5,0.8C65.3,10.9,65.5,10.8,65.4,11.1\tz M34.5,12.4c-0.2,0,2.1,0.8,3.3,0.9c1.2,0.1,2,0.1,2-0.2c0-0.3-0.1-0.5-1.6-0.4C36.6,12.8,34.7,12.4,34.5,12.4z M152.2,21.1\tc-0.1,0.1-2.4-0.3-7.5-0.3c-5,0-13.6-2.4-17.2-3.5c-3.6-1.1,10,3.9,16.5,4.1C150.5,21.6,152.3,21,152.2,21.1z\"\/>\n\t<path class=\"elementor-shape-fill\" d=\"M269.6,18c-0.1-0.1-4.6,0.3-7.2,0c-7.3-0.7-17-3.2-16.6-2.9c0.4,0.3,13.7,3.1,17,3.3\tC267.7,18.8,269.7,18,269.6,18z\"\/>\n\t<path class=\"elementor-shape-fill\" d=\"M227.4,9.8c-0.2-0.1-4.5-1-9.5-1.2c-5-0.2-12.7,0.6-12.3,0.5c0.3-0.1,5.9-1.8,13.3-1.2\tS227.6,9.9,227.4,9.8z\"\/>\n\t<path class=\"elementor-shape-fill\" d=\"M204.5,13.4c-0.1-0.1,2-1,3.2-1.1c1.2-0.1,2,0,2,0.3c0,0.3-0.1,0.5-1.6,0.4\tC206.4,12.9,204.6,13.5,204.5,13.4z\"\/>\n\t<path class=\"elementor-shape-fill\" d=\"M201,10.6c0-0.1-4.4,1.2-6.3,2.2c-1.9,0.9-6.2,3.1-6.1,3.1c0.1,0.1,4.2-1.6,6.3-2.6\tS201,10.7,201,10.6z\"\/>\n\t<path class=\"elementor-shape-fill\" d=\"M154.5,26.7c-0.1-0.1-4.6,0.3-7.2,0c-7.3-0.7-17-3.2-16.6-2.9c0.4,0.3,13.7,3.1,17,3.3\tC152.6,27.5,154.6,26.8,154.5,26.7z\"\/>\n\t<path class=\"elementor-shape-fill\" d=\"M41.9,19.3c0,0,1.2-0.3,2.9-0.1c1.7,0.2,5.8,0.9,8.2,0.7c4.2-0.4,7.4-2.7,7-2.6\tc-0.4,0-4.3,2.2-8.6,1.9c-1.8-0.1-5.1-0.5-6.7-0.4S41.9,19.3,41.9,19.3z\"\/>\n\t<path class=\"elementor-shape-fill\" d=\"M75.5,12.6c0.2,0.1,2-0.8,4.3-1.1c2.3-0.2,2.1-0.3,2.1-0.5c0-0.1-1.8-0.4-3.4,0\tC76.9,11.5,75.3,12.5,75.5,12.6z\"\/>\n\t<path class=\"elementor-shape-fill\" d=\"M15.6,13.2c0-0.1,4.3,0,6.7,0.5c2.4,0.5,5,1.9,5,2c0,0.1-2.7-0.8-5.1-1.4\tC19.9,13.7,15.7,13.3,15.6,13.2z\"\/>\n<\/svg>\t\t<\/div>\n\t\t\t\t\t<div class=\"elementor-container elementor-column-gap-default\">\n\t\t\t\t\t<div class=\"elementor-column elementor-col-100 elementor-top-column elementor-element elementor-element-2d812c4\" data-id=\"2d812c4\" data-element_type=\"column\" data-e-type=\"column\">\n\t\t\t<div class=\"elementor-widget-wrap elementor-element-populated\">\n\t\t\t\t\t\t<div class=\"elementor-element elementor-element-7adb3a1 elementor-widget__width-auto akzent-schrift elementor-widget elementor-widget-heading\" data-id=\"7adb3a1\" data-element_type=\"widget\" data-e-type=\"widget\" data-widget_type=\"heading.default\">\n\t\t\t\t\t<h2 class=\"elementor-heading-title elementor-size-default\">Rescue Diver<\/h2>\t\t\t\t<\/div>\n\t\t\t\t\t<\/div>\n\t\t<\/div>\n\t\t\t\t\t<\/div>\n\t\t<\/section>\n\t\t<div class=\"elementor-element elementor-element-6cf4a61 e-flex e-con-boxed e-con e-parent\" data-id=\"6cf4a61\" data-element_type=\"container\" data-e-type=\"container\">\n\t\t\t\t\t<div class=\"e-con-inner\">\n\t\t\t\t<div class=\"elementor-element elementor-element-3235f4a elementor-widget elementor-widget-spacer\" data-id=\"3235f4a\" data-element_type=\"widget\" data-e-type=\"widget\" data-widget_type=\"spacer.default\">\n\t\t\t\t\t\t\t<div class=\"elementor-spacer\">\n\t\t\t<div class=\"elementor-spacer-inner\"><\/div>\n\t\t<\/div>\n\t\t\t\t\t\t<\/div>\n\t\t\t\t\t<\/div>\n\t\t\t\t<\/div>\n\t\t<div class=\"elementor-element elementor-element-adc3cab e-flex e-con-boxed e-con e-parent\" data-id=\"adc3cab\" data-element_type=\"container\" data-e-type=\"container\">\n\t\t\t\t\t<div class=\"e-con-inner\">\n\t\t\t\t<div class=\"elementor-element elementor-element-bc3dc83 elementor-widget elementor-widget-heading\" data-id=\"bc3dc83\" data-element_type=\"widget\" data-e-type=\"widget\" data-widget_type=\"heading.default\">\n\t\t\t\t\t<h2 class=\"elementor-heading-title elementor-size-default\">Be Prepared, Be Confident: The PADI Rescue Diver Course<\/h2>\t\t\t\t<\/div>\n\t\t\t\t<div class=\"elementor-element elementor-element-4e3e3c6 elementor-widget elementor-widget-text-editor\" data-id=\"4e3e3c6\" data-element_type=\"widget\" data-e-type=\"widget\" data-widget_type=\"text-editor.default\">\n\t\t\t\t\t\t\t\t\t<p>Challenging? Yes. Rewarding? Absolutely. The PADI Rescue Diver course is the ultimate step toward becoming a truly confident diver.<\/p><p>It will significantly boost your skills and confidence underwater, preparing you to effectively help not only yourself but also other divers in an emergency. The course is divided into three clear sections:<\/p>\t\t\t\t\t\t\t\t<\/div>\n\t\t\t\t<div class=\"elementor-element elementor-element-f182cc0 elementor-widget elementor-widget-text-editor\" data-id=\"f182cc0\" data-element_type=\"widget\" data-e-type=\"widget\" data-widget_type=\"text-editor.default\">\n\t\t\t\t\t\t\t\t\t<p>We empower you to help others.<\/p>\t\t\t\t\t\t\t\t<\/div>\n\t\t\t\t\t<\/div>\n\t\t\t\t<\/div>\n\t\t<div class=\"elementor-element elementor-element-b0f9f09 e-flex e-con-boxed e-con e-parent\" data-id=\"b0f9f09\" data-element_type=\"container\" data-e-type=\"container\">\n\t\t\t\t\t<div class=\"e-con-inner\">\n\t\t\t\t<div class=\"elementor-element elementor-element-8f86b5c elementor-widget elementor-widget-spacer\" data-id=\"8f86b5c\" data-element_type=\"widget\" data-e-type=\"widget\" data-widget_type=\"spacer.default\">\n\t\t\t\t\t\t\t<div class=\"elementor-spacer\">\n\t\t\t<div class=\"elementor-spacer-inner\"><\/div>\n\t\t<\/div>\n\t\t\t\t\t\t<\/div>\n\t\t\t\t\t<\/div>\n\t\t\t\t<\/div>\n\t\t<div class=\"elementor-element elementor-element-b649b79 e-flex e-con-boxed e-con e-parent\" data-id=\"b649b79\" data-element_type=\"container\" data-e-type=\"container\" data-settings=\"{&quot;background_background&quot;:&quot;classic&quot;}\">\n\t\t\t\t\t<div class=\"e-con-inner\">\n\t\t<div class=\"elementor-element elementor-element-f4511cb e-con-full e-flex e-con e-child\" data-id=\"f4511cb\" data-element_type=\"container\" data-e-type=\"container\">\n\t\t\t\t<div class=\"elementor-element elementor-element-0438473 elementor-widget elementor-widget-heading\" data-id=\"0438473\" data-element_type=\"widget\" data-e-type=\"widget\" data-widget_type=\"heading.default\">\n\t\t\t\t\t<h2 class=\"elementor-heading-title elementor-size-default\">Section ONE<\/h2>\t\t\t\t<\/div>\n\t\t\t\t<div class=\"elementor-element elementor-element-2d10e89 elementor-widget elementor-widget-heading\" data-id=\"2d10e89\" data-element_type=\"widget\" data-e-type=\"widget\" data-widget_type=\"heading.default\">\n\t\t\t\t\t<h2 class=\"elementor-heading-title elementor-size-default\">Change your point of view. This course teaches you to look beyond your own needs and watch over your dive buddies. Gain the skills to spot potential issues early and react calmly and effectively when it counts.<\/h2>\t\t\t\t<\/div>\n\t\t\t\t<div class=\"elementor-element elementor-element-4c9f6f3 elementor-widget elementor-widget-heading\" data-id=\"4c9f6f3\" data-element_type=\"widget\" data-e-type=\"widget\" data-widget_type=\"heading.default\">\n\t\t\t\t\t<h2 class=\"elementor-heading-title elementor-size-default\">eLearning: Theory at Home<\/h2>\t\t\t\t<\/div>\n\t\t\t\t<div class=\"elementor-element elementor-element-0a367b4 elementor-widget elementor-widget-text-editor\" data-id=\"0a367b4\" data-element_type=\"widget\" data-e-type=\"widget\" data-widget_type=\"text-editor.default\">\n\t\t\t\t\t\t\t\t\t<p>Learn about accident prevention, emergency management, and dive-specific first aid. Prepare for your practical training anytime, anywhere with our flexible e-Learning system.<\/p><p class=\"translation-block\"><strong>Safety First: <\/strong> Gain the expertise needed to evaluate potential risks and respond effectively with the right actions under pressure.<\/p>\t\t\t\t\t\t\t\t<\/div>\n\t\t\t\t<\/div>\n\t\t<div class=\"elementor-element elementor-element-6cad105 e-con-full e-flex e-con e-child\" data-id=\"6cad105\" data-element_type=\"container\" data-e-type=\"container\">\n\t\t\t\t<div class=\"elementor-element elementor-element-1babf45 elementor-widget elementor-widget-image\" data-id=\"1babf45\" data-element_type=\"widget\" data-e-type=\"widget\" data-widget_type=\"image.default\">\n\t\t\t\t\t\t\t\t\t\t\t\t\t\t\t<img fetchpriority=\"high\" decoding=\"async\" width=\"600\" height=\"554\" src=\"https:\/\/liquidbluebali.com\/wp-content\/uploads\/2026\/04\/padi-rescue-diver-theorie-kurs-amed-bali.webp\" class=\"attachment-full size-full wp-image-4141\" alt=\"Ein PADI Instruktor erkl\u00e4rt das Notfallmanagement an einem Monitor vor einer Gruppe Tauchsch\u00fcler w\u00e4hrend der Rescue Diver Theorie in Amed, Bali.\" srcset=\"https:\/\/liquidbluebali.com\/wp-content\/uploads\/2026\/04\/padi-rescue-diver-theorie-kurs-amed-bali.webp 600w, https:\/\/liquidbluebali.com\/wp-content\/uploads\/2026\/04\/padi-rescue-diver-theorie-kurs-amed-bali-300x277.webp 300w, https:\/\/liquidbluebali.com\/wp-content\/uploads\/2026\/04\/padi-rescue-diver-theorie-kurs-amed-bali-13x12.webp 13w\" sizes=\"(max-width: 600px) 100vw, 600px\" \/>\t\t\t\t\t\t\t\t\t\t\t\t\t\t\t<\/div>\n\t\t\t\t<\/div>\n\t\t\t\t\t<\/div>\n\t\t\t\t<\/div>\n\t\t<div class=\"elementor-element elementor-element-76bbae4 e-flex e-con-boxed e-con e-parent\" data-id=\"76bbae4\" data-element_type=\"container\" data-e-type=\"container\">\n\t\t\t\t\t<div class=\"e-con-inner\">\n\t\t\t\t<div class=\"elementor-element elementor-element-9d7b4a6 elementor-widget elementor-widget-spacer\" data-id=\"9d7b4a6\" data-element_type=\"widget\" data-e-type=\"widget\" data-widget_type=\"spacer.default\">\n\t\t\t\t\t\t\t<div class=\"elementor-spacer\">\n\t\t\t<div class=\"elementor-spacer-inner\"><\/div>\n\t\t<\/div>\n\t\t\t\t\t\t<\/div>\n\t\t\t\t\t<\/div>\n\t\t\t\t<\/div>\n\t\t<div class=\"elementor-element elementor-element-1a5fc54 e-flex e-con-boxed e-con e-parent\" data-id=\"1a5fc54\" data-element_type=\"container\" data-e-type=\"container\">\n\t\t\t\t\t<div class=\"e-con-inner\">\n\t\t<div class=\"elementor-element elementor-element-6a6055c e-con-full e-flex e-con e-child\" data-id=\"6a6055c\" data-element_type=\"container\" data-e-type=\"container\">\n\t\t\t\t<div class=\"elementor-element elementor-element-c035b46 elementor-widget elementor-widget-image\" data-id=\"c035b46\" data-element_type=\"widget\" data-e-type=\"widget\" data-widget_type=\"image.default\">\n\t\t\t\t\t\t\t\t\t\t\t\t\t\t\t<img decoding=\"async\" width=\"1200\" height=\"910\" src=\"https:\/\/liquidbluebali.com\/wp-content\/uploads\/2026\/04\/padi-rescue-diver-kurs-bali-rettungsuebung.webp\" class=\"attachment-1536x1536 size-1536x1536 wp-image-4142\" alt=\"Tauchsch\u00fcler \u00fcben eine Rettungsaktion an der Wasseroberfl\u00e4che w\u00e4hrend eines PADI Rescue Diver Kurses mit Liquid Blue Bali in Amed, Bali.\" srcset=\"https:\/\/liquidbluebali.com\/wp-content\/uploads\/2026\/04\/padi-rescue-diver-kurs-bali-rettungsuebung.webp 1200w, https:\/\/liquidbluebali.com\/wp-content\/uploads\/2026\/04\/padi-rescue-diver-kurs-bali-rettungsuebung-300x228.webp 300w, https:\/\/liquidbluebali.com\/wp-content\/uploads\/2026\/04\/padi-rescue-diver-kurs-bali-rettungsuebung-1024x777.webp 1024w, https:\/\/liquidbluebali.com\/wp-content\/uploads\/2026\/04\/padi-rescue-diver-kurs-bali-rettungsuebung-768x582.webp 768w, https:\/\/liquidbluebali.com\/wp-content\/uploads\/2026\/04\/padi-rescue-diver-kurs-bali-rettungsuebung-16x12.webp 16w, https:\/\/liquidbluebali.com\/wp-content\/uploads\/2026\/04\/padi-rescue-diver-kurs-bali-rettungsuebung-600x455.webp 600w\" sizes=\"(max-width: 1200px) 100vw, 1200px\" \/>\t\t\t\t\t\t\t\t\t\t\t\t\t\t\t<\/div>\n\t\t\t\t<\/div>\n\t\t<div class=\"elementor-element elementor-element-ce102eb e-con-full e-flex e-con e-child\" data-id=\"ce102eb\" data-element_type=\"container\" data-e-type=\"container\">\n\t\t\t\t<div class=\"elementor-element elementor-element-b08c4ab elementor-widget elementor-widget-heading\" data-id=\"b08c4ab\" data-element_type=\"widget\" data-e-type=\"widget\" data-widget_type=\"heading.default\">\n\t\t\t\t\t<h2 class=\"elementor-heading-title elementor-size-default\">Section TWO<\/h2>\t\t\t\t<\/div>\n\t\t\t\t<div class=\"elementor-element elementor-element-cad99b7 elementor-widget elementor-widget-heading\" data-id=\"cad99b7\" data-element_type=\"widget\" data-e-type=\"widget\" data-widget_type=\"heading.default\">\n\t\t\t\t\t<h2 class=\"elementor-heading-title elementor-size-default\">Go beyond your limits with hands-on scenarios. You\u2019ll gain the 'rescue intuition' needed to spot trouble early and work as a professional team to execute effective underwater and surface rescues.<\/h2>\t\t\t\t<\/div>\n\t\t\t\t<div class=\"elementor-element elementor-element-e196366 elementor-widget elementor-widget-heading\" data-id=\"e196366\" data-element_type=\"widget\" data-e-type=\"widget\" data-widget_type=\"heading.default\">\n\t\t\t\t\t<h2 class=\"elementor-heading-title elementor-size-default\">Confined Water Training\u00a0<\/h2>\t\t\t\t<\/div>\n\t\t\t\t<div class=\"elementor-element elementor-element-a4b1ba2 elementor-widget elementor-widget-text-editor\" data-id=\"a4b1ba2\" data-element_type=\"widget\" data-e-type=\"widget\" data-widget_type=\"text-editor.default\">\n\t\t\t\t\t\t\t\t\t<p class=\"translation-block\"><strong>Identifying <\/strong> signs of stress and anxiety in your dive buddies.<\/p><p class=\"translation-block\"><strong>Managing <\/strong> stressed, exhausted, or panicked divers effectively.<\/p><p class=\"translation-block\"><strong>Managing <\/strong> underwater problems and equipment malfunctions.<\/p><p><strong>Schleppen<\/strong> eines bewusstlosen Tauchers an der Oberfl\u00e4che.<\/p>\t\t\t\t\t\t\t\t<\/div>\n\t\t\t\t<\/div>\n\t\t\t\t\t<\/div>\n\t\t\t\t<\/div>\n\t\t<div class=\"elementor-element elementor-element-7f69c0b e-flex e-con-boxed e-con e-parent\" data-id=\"7f69c0b\" data-element_type=\"container\" data-e-type=\"container\">\n\t\t\t\t\t<div class=\"e-con-inner\">\n\t\t\t\t<div class=\"elementor-element elementor-element-3f6620f elementor-widget elementor-widget-spacer\" data-id=\"3f6620f\" data-element_type=\"widget\" data-e-type=\"widget\" data-widget_type=\"spacer.default\">\n\t\t\t\t\t\t\t<div class=\"elementor-spacer\">\n\t\t\t<div class=\"elementor-spacer-inner\"><\/div>\n\t\t<\/div>\n\t\t\t\t\t\t<\/div>\n\t\t\t\t\t<\/div>\n\t\t\t\t<\/div>\n\t\t<div class=\"elementor-element elementor-element-5363909 e-flex e-con-boxed e-con e-parent\" data-id=\"5363909\" data-element_type=\"container\" data-e-type=\"container\" data-settings=\"{&quot;background_background&quot;:&quot;classic&quot;}\">\n\t\t\t\t\t<div class=\"e-con-inner\">\n\t\t<div class=\"elementor-element elementor-element-8ca589f e-con-full e-flex e-con e-child\" data-id=\"8ca589f\" data-element_type=\"container\" data-e-type=\"container\">\n\t\t\t\t<div class=\"elementor-element elementor-element-6b27f16 elementor-widget__width-inherit elementor-widget elementor-widget-heading\" data-id=\"6b27f16\" data-element_type=\"widget\" data-e-type=\"widget\" data-widget_type=\"heading.default\">\n\t\t\t\t\t<h2 class=\"elementor-heading-title elementor-size-default\">Section THREE<\/h2>\t\t\t\t<\/div>\n\t\t\t\t<div class=\"elementor-element elementor-element-01dc31c elementor-widget elementor-widget-heading\" data-id=\"01dc31c\" data-element_type=\"widget\" data-e-type=\"widget\" data-widget_type=\"heading.default\">\n\t\t\t\t\t<h2 class=\"elementor-heading-title elementor-size-default\">At the surface and in the depths, you\u2019ll learn to go above and beyond. In realistic scenarios, you\u2019ll practice recognizing problems before they arise and acting with composure when it counts\u2014from effectively towing an exhausted diver to managing complex rescue situations.<\/h2>\t\t\t\t<\/div>\n\t\t\t\t<div class=\"elementor-element elementor-element-e2c3240 elementor-widget elementor-widget-heading\" data-id=\"e2c3240\" data-element_type=\"widget\" data-e-type=\"widget\" data-widget_type=\"heading.default\">\n\t\t\t\t\t<h2 class=\"elementor-heading-title elementor-size-default\">Open Water Training Sessions<\/h2>\t\t\t\t<\/div>\n\t\t\t\t<div class=\"elementor-element elementor-element-20b8f89 elementor-widget elementor-widget-text-editor\" data-id=\"20b8f89\" data-element_type=\"widget\" data-e-type=\"widget\" data-widget_type=\"text-editor.default\">\n\t\t\t\t\t\t\t\t\t<p>Put your training into practice amidst the vibrant reefs of Bali.<\/p><p class=\"translation-block\"><strong>Search Patterns: <\/strong> Locating missing divers underwater.<\/p><p class=\"translation-block\"><strong>Rescuing <\/strong> a non-breathing diver at the surface.<\/p><p class=\"translation-block\"><strong>Rescuing <\/strong> an unconscious diver from the bottom to the surface.<\/p><p><strong>Erste Hilfe<\/strong> und Notfallmanagement bei Tauchunf\u00e4llen<\/p>\t\t\t\t\t\t\t\t<\/div>\n\t\t\t\t<\/div>\n\t\t<div class=\"elementor-element elementor-element-f3b749a e-con-full e-flex e-con e-child\" data-id=\"f3b749a\" data-element_type=\"container\" data-e-type=\"container\">\n\t\t\t\t<div class=\"elementor-element elementor-element-cd85ce3 elementor-widget elementor-widget-image\" data-id=\"cd85ce3\" data-element_type=\"widget\" data-e-type=\"widget\" data-widget_type=\"image.default\">\n\t\t\t\t\t\t\t\t\t\t\t\t\t\t\t<img decoding=\"async\" width=\"1015\" height=\"936\" src=\"https:\/\/liquidbluebali.com\/wp-content\/uploads\/2026\/04\/padi-rescue-diver-kurs-notfallmanagement-boot-amed-bali.webp\" class=\"attachment-1536x1536 size-1536x1536 wp-image-4094\" alt=\"Tauchsch\u00fcler \u00fcben ein Notfallszenario auf einem Boot w\u00e4hrend eines PADI Rescue Diver Kurses mit Liquid Blue Bali in Amed.\" srcset=\"https:\/\/liquidbluebali.com\/wp-content\/uploads\/2026\/04\/padi-rescue-diver-kurs-notfallmanagement-boot-amed-bali.webp 1015w, https:\/\/liquidbluebali.com\/wp-content\/uploads\/2026\/04\/padi-rescue-diver-kurs-notfallmanagement-boot-amed-bali-300x277.webp 300w, https:\/\/liquidbluebali.com\/wp-content\/uploads\/2026\/04\/padi-rescue-diver-kurs-notfallmanagement-boot-amed-bali-768x708.webp 768w, https:\/\/liquidbluebali.com\/wp-content\/uploads\/2026\/04\/padi-rescue-diver-kurs-notfallmanagement-boot-amed-bali-13x12.webp 13w, https:\/\/liquidbluebali.com\/wp-content\/uploads\/2026\/04\/padi-rescue-diver-kurs-notfallmanagement-boot-amed-bali-600x553.webp 600w\" sizes=\"(max-width: 1015px) 100vw, 1015px\" \/>\t\t\t\t\t\t\t\t\t\t\t\t\t\t\t<\/div>\n\t\t\t\t<\/div>\n\t\t\t\t\t<\/div>\n\t\t\t\t<\/div>\n\t\t<div class=\"elementor-element elementor-element-2863ce0 e-flex e-con-boxed e-con e-parent\" data-id=\"2863ce0\" data-element_type=\"container\" data-e-type=\"container\">\n\t\t\t\t\t<div class=\"e-con-inner\">\n\t\t\t\t<div class=\"elementor-element elementor-element-175e2fa elementor-widget elementor-widget-spacer\" data-id=\"175e2fa\" data-element_type=\"widget\" data-e-type=\"widget\" data-widget_type=\"spacer.default\">\n\t\t\t\t\t\t\t<div class=\"elementor-spacer\">\n\t\t\t<div class=\"elementor-spacer-inner\"><\/div>\n\t\t<\/div>\n\t\t\t\t\t\t<\/div>\n\t\t\t\t\t<\/div>\n\t\t\t\t<\/div>\n\t\t<div class=\"elementor-element elementor-element-698f05e e-flex e-con-boxed e-con e-parent\" data-id=\"698f05e\" data-element_type=\"container\" data-e-type=\"container\" data-settings=\"{&quot;background_background&quot;:&quot;classic&quot;}\">\n\t\t\t\t\t<div class=\"e-con-inner\">\n\t\t\t\t<div class=\"elementor-element elementor-element-a45dcc7 elementor-widget elementor-widget-heading\" data-id=\"a45dcc7\" data-element_type=\"widget\" data-e-type=\"widget\" data-widget_type=\"heading.default\">\n\t\t\t\t\t<h2 class=\"elementor-heading-title elementor-size-default\">What to Expect<\/h2>\t\t\t\t<\/div>\n\t\t\t\t<div class=\"elementor-element elementor-element-fd13c7c elementor-widget elementor-widget-text-editor\" data-id=\"fd13c7c\" data-element_type=\"widget\" data-e-type=\"widget\" data-widget_type=\"text-editor.default\">\n\t\t\t\t\t\t\t\t\t<p class=\"translation-block\"><strong>Duration: <\/strong> 3 Days.<\/p><p class=\"translation-block\"><strong>Included:<\/strong> Learning materials, full premium rental equipment (incl. dive computer), and your international Rescue Diver certification.<\/p><p class=\"translation-block\"><strong>Training: <\/strong>Guidance by experienced instructors.<\/p><p class=\"translation-block\"><strong>Refreshments:<\/strong> Surface intervals with snacks directly on the beach or boat; lunch included after your dives.<\/p><p class=\"translation-block\"><strong>Transfer:<\/strong> Complimentary pick-up from your hotel in Amed to the dive center.<\/p><p class=\"translation-block\"><b>Prerequisites: <\/b> You are at least 12 years old, hold a PADI Advanced Open Water Diver certification (or equivalent), and have a valid First Aid and CPR proof within the last 24 months (e.g., EFR).<\/p>\t\t\t\t\t\t\t\t<\/div>\n\t\t\t\t<div class=\"elementor-element elementor-element-dd47c15 elementor-widget elementor-widget-heading\" data-id=\"dd47c15\" data-element_type=\"widget\" data-e-type=\"widget\" data-widget_type=\"heading.default\">\n\t\t\t\t\t<h2 class=\"elementor-heading-title elementor-size-default\">Price: 245 \u20ac<\/h2>\t\t\t\t<\/div>\n\t\t<div class=\"elementor-element elementor-element-7e0ea24 e-grid e-con-full e-con e-child\" data-id=\"7e0ea24\" data-element_type=\"container\" data-e-type=\"container\">\n\t\t\t\t<div class=\"elementor-element elementor-element-3a0c7f7 elementor-widget elementor-widget-heading\" data-id=\"3a0c7f7\" data-element_type=\"widget\" data-e-type=\"widget\" data-widget_type=\"heading.default\">\n\t\t\t\t\t<h2 class=\"elementor-heading-title elementor-size-default\">Are you ready to take your skills to the next level?<\/h2>\t\t\t\t<\/div>\n\t\t\t\t<div class=\"elementor-element elementor-element-8f79dfe elementor-align-center elementor-widget elementor-widget-button\" data-id=\"8f79dfe\" data-element_type=\"widget\" data-e-type=\"widget\" data-widget_type=\"button.default\">\n\t\t\t\t\t\t\t\t\t\t<a class=\"elementor-button elementor-button-link elementor-size-sm\" href=\"https:\/\/liquidbluebali.com\/en\/kontakt\/\">\n\t\t\t\t\t\t<span class=\"elementor-button-content-wrapper\">\n\t\t\t\t\t\t\t\t\t<span class=\"elementor-button-text\">Book Now<\/span>\n\t\t\t\t\t<\/span>\n\t\t\t\t\t<\/a>\n\t\t\t\t\t\t\t\t<\/div>\n\t\t\t\t<\/div>\n\t\t\t\t\t<\/div>\n\t\t\t\t<\/div>\n\t\t<div class=\"elementor-element elementor-element-b18509f e-flex e-con-boxed e-con e-parent\" data-id=\"b18509f\" data-element_type=\"container\" data-e-type=\"container\">\n\t\t\t\t\t<div class=\"e-con-inner\">\n\t\t\t\t<div class=\"elementor-element elementor-element-2f3f7c5 elementor-widget elementor-widget-spacer\" data-id=\"2f3f7c5\" data-element_type=\"widget\" data-e-type=\"widget\" data-widget_type=\"spacer.default\">\n\t\t\t\t\t\t\t<div class=\"elementor-spacer\">\n\t\t\t<div class=\"elementor-spacer-inner\"><\/div>\n\t\t<\/div>\n\t\t\t\t\t\t<\/div>\n\t\t\t\t\t<\/div>\n\t\t\t\t<\/div>\n\t\t\t\t<\/div>","protected":false},"excerpt":{"rendered":"<p>Rescue Diver Souver\u00e4n in jeder Situation: Der PADI Rescue Diver Kurs Der PADI Rescue Diver Kurs ist eine der anspruchsvollsten, aber auch lohnenswertesten Tauchausbildungen. Er wird deine F\u00e4higkeiten und dein Selbstvertrauen unter Wasser erheblich steigern und dich darauf vorbereiten, im Notfall nicht nur dir selbst, sondern auch anderen Tauchern effektiv zu helfen. Der Kurs ist [&hellip;]<\/p>\n","protected":false},"author":1,"featured_media":0,"parent":0,"menu_order":0,"comment_status":"closed","ping_status":"closed","template":"","meta":{"footnotes":""},"class_list":["post-910","page","type-page","status-publish","hentry"],"_links":{"self":[{"href":"https:\/\/liquidbluebali.com\/en\/wp-json\/wp\/v2\/pages\/910","targetHints":{"allow":["GET"]}}],"collection":[{"href":"https:\/\/liquidbluebali.com\/en\/wp-json\/wp\/v2\/pages"}],"about":[{"href":"https:\/\/liquidbluebali.com\/en\/wp-json\/wp\/v2\/types\/page"}],"author":[{"embeddable":true,"href":"https:\/\/liquidbluebali.com\/en\/wp-json\/wp\/v2\/users\/1"}],"replies":[{"embeddable":true,"href":"https:\/\/liquidbluebali.com\/en\/wp-json\/wp\/v2\/comments?post=910"}],"version-history":[{"count":76,"href":"https:\/\/liquidbluebali.com\/en\/wp-json\/wp\/v2\/pages\/910\/revisions"}],"predecessor-version":[{"id":4448,"href":"https:\/\/liquidbluebali.com\/en\/wp-json\/wp\/v2\/pages\/910\/revisions\/4448"}],"wp:attachment":[{"href":"https:\/\/liquidbluebali.com\/en\/wp-json\/wp\/v2\/media?parent=910"}],"curies":[{"name":"wp","href":"https:\/\/api.w.org\/{rel}","templated":true}]}}