{"id":2555,"date":"2026-03-26T06:34:30","date_gmt":"2026-03-26T06:34:30","guid":{"rendered":"https:\/\/liquidbluebali.com\/?page_id=2555"},"modified":"2026-03-28T05:31:23","modified_gmt":"2026-03-28T05:31:23","slug":"impressum","status":"publish","type":"page","link":"https:\/\/liquidbluebali.com\/en\/impressum\/","title":{"rendered":"Legal Notice"},"content":{"rendered":"<div data-elementor-type=\"wp-page\" data-elementor-id=\"2555\" class=\"elementor elementor-2555\" data-elementor-settings=\"{&quot;ha_cmc_init_switcher&quot;:&quot;no&quot;}\">\n\t\t\t\t\t\t<section class=\"elementor-section elementor-top-section elementor-element elementor-element-7ecb4ab6 elementor-section-full_width spa-tittle-banner elementor-section-height-default elementor-section-height-default elementor-invisible\" data-id=\"7ecb4ab6\" data-element_type=\"section\" data-e-type=\"section\" data-settings=\"{&quot;animation&quot;:&quot;pulse&quot;,&quot;background_background&quot;:&quot;classic&quot;,&quot;shape_divider_bottom&quot;:&quot;wave-brush&quot;,&quot;_ha_eqh_enable&quot;:false}\">\n\t\t\t\t\t\t\t<div class=\"elementor-background-overlay\"><\/div>\n\t\t\t\t\t\t<div class=\"elementor-shape elementor-shape-bottom\" aria-hidden=\"true\" data-negative=\"false\">\n\t\t\t<svg xmlns=\"http:\/\/www.w3.org\/2000\/svg\" viewbox=\"0 0 283.5 27.8\" preserveaspectratio=\"none\">\n\t<path class=\"elementor-shape-fill\" d=\"M283.5,9.7c0,0-7.3,4.3-14,4.6c-6.8,0.3-12.6,0-20.9-1.5c-11.3-2-33.1-10.1-44.7-5.7\ts-12.1,4.6-18,7.4c-6.6,3.2-20,9.6-36.6,9.3C131.6,23.5,99.5,7.2,86.3,8c-1.4,0.1-6.6,0.8-10.5,2c-3.8,1.2-9.4,3.8-17,4.7\tc-3.2,0.4-8.3,1.1-14.2,0.9c-1.5-0.1-6.3-0.4-12-1.6c-5.7-1.2-11-3.1-15.8-3.7C6.5,9.2,0,10.8,0,10.8V0h283.5V9.7z M260.8,11.3\tc-0.7-1-2-0.4-4.3-0.4c-2.3,0-6.1-1.2-5.8-1.1c0.3,0.1,3.1,1.5,6,1.9C259.7,12.2,261.4,12.3,260.8,11.3z M242.4,8.6\tc0,0-2.4-0.2-5.6-0.9c-3.2-0.8-10.3-2.8-15.1-3.5c-8.2-1.1-15.8,0-15.1,0.1c0.8,0.1,9.6-0.6,17.6,1.1c3.3,0.7,9.3,2.2,12.4,2.7\tC239.9,8.7,242.4,8.6,242.4,8.6z M185.2,8.5c1.7-0.7-13.3,4.7-18.5,6.1c-2.1,0.6-6.2,1.6-10,2c-3.9,0.4-8.9,0.4-8.8,0.5\tc0,0.2,5.8,0.8,11.2,0c5.4-0.8,5.2-1.1,7.6-1.6C170.5,14.7,183.5,9.2,185.2,8.5z M199.1,6.9c0.2,0-0.8-0.4-4.8,1.1\tc-4,1.5-6.7,3.5-6.9,3.7c-0.2,0.1,3.5-1.8,6.6-3C197,7.5,199,6.9,199.1,6.9z M283,6c-0.1,0.1-1.9,1.1-4.8,2.5s-6.9,2.8-6.7,2.7\tc0.2,0,3.5-0.6,7.4-2.5C282.8,6.8,283.1,5.9,283,6z M31.3,11.6c0.1-0.2-1.9-0.2-4.5-1.2s-5.4-1.6-7.8-2C15,7.6,7.3,8.5,7.7,8.6\tC8,8.7,15.9,8.3,20.2,9.3c2.2,0.5,2.4,0.5,5.7,1.6S31.2,11.9,31.3,11.6z M73,9.2c0.4-0.1,3.5-1.6,8.4-2.6c4.9-1.1,8.9-0.5,8.9-0.8\tc0-0.3-1-0.9-6.2-0.3S72.6,9.3,73,9.2z M71.6,6.7C71.8,6.8,75,5.4,77.3,5c2.3-0.3,1.9-0.5,1.9-0.6c0-0.1-1.1-0.2-2.7,0.2\tC74.8,5.1,71.4,6.6,71.6,6.7z M93.6,4.4c0.1,0.2,3.5,0.8,5.6,1.8c2.1,1,1.8,0.6,1.9,0.5c0.1-0.1-0.8-0.8-2.4-1.3\tC97.1,4.8,93.5,4.2,93.6,4.4z M65.4,11.1c-0.1,0.3,0.3,0.5,1.9-0.2s2.6-1.3,2.2-1.2s-0.9,0.4-2.5,0.8C65.3,10.9,65.5,10.8,65.4,11.1\tz M34.5,12.4c-0.2,0,2.1,0.8,3.3,0.9c1.2,0.1,2,0.1,2-0.2c0-0.3-0.1-0.5-1.6-0.4C36.6,12.8,34.7,12.4,34.5,12.4z M152.2,21.1\tc-0.1,0.1-2.4-0.3-7.5-0.3c-5,0-13.6-2.4-17.2-3.5c-3.6-1.1,10,3.9,16.5,4.1C150.5,21.6,152.3,21,152.2,21.1z\"\/>\n\t<path class=\"elementor-shape-fill\" d=\"M269.6,18c-0.1-0.1-4.6,0.3-7.2,0c-7.3-0.7-17-3.2-16.6-2.9c0.4,0.3,13.7,3.1,17,3.3\tC267.7,18.8,269.7,18,269.6,18z\"\/>\n\t<path class=\"elementor-shape-fill\" d=\"M227.4,9.8c-0.2-0.1-4.5-1-9.5-1.2c-5-0.2-12.7,0.6-12.3,0.5c0.3-0.1,5.9-1.8,13.3-1.2\tS227.6,9.9,227.4,9.8z\"\/>\n\t<path class=\"elementor-shape-fill\" d=\"M204.5,13.4c-0.1-0.1,2-1,3.2-1.1c1.2-0.1,2,0,2,0.3c0,0.3-0.1,0.5-1.6,0.4\tC206.4,12.9,204.6,13.5,204.5,13.4z\"\/>\n\t<path class=\"elementor-shape-fill\" d=\"M201,10.6c0-0.1-4.4,1.2-6.3,2.2c-1.9,0.9-6.2,3.1-6.1,3.1c0.1,0.1,4.2-1.6,6.3-2.6\tS201,10.7,201,10.6z\"\/>\n\t<path class=\"elementor-shape-fill\" d=\"M154.5,26.7c-0.1-0.1-4.6,0.3-7.2,0c-7.3-0.7-17-3.2-16.6-2.9c0.4,0.3,13.7,3.1,17,3.3\tC152.6,27.5,154.6,26.8,154.5,26.7z\"\/>\n\t<path class=\"elementor-shape-fill\" d=\"M41.9,19.3c0,0,1.2-0.3,2.9-0.1c1.7,0.2,5.8,0.9,8.2,0.7c4.2-0.4,7.4-2.7,7-2.6\tc-0.4,0-4.3,2.2-8.6,1.9c-1.8-0.1-5.1-0.5-6.7-0.4S41.9,19.3,41.9,19.3z\"\/>\n\t<path class=\"elementor-shape-fill\" d=\"M75.5,12.6c0.2,0.1,2-0.8,4.3-1.1c2.3-0.2,2.1-0.3,2.1-0.5c0-0.1-1.8-0.4-3.4,0\tC76.9,11.5,75.3,12.5,75.5,12.6z\"\/>\n\t<path class=\"elementor-shape-fill\" d=\"M15.6,13.2c0-0.1,4.3,0,6.7,0.5c2.4,0.5,5,1.9,5,2c0,0.1-2.7-0.8-5.1-1.4\tC19.9,13.7,15.7,13.3,15.6,13.2z\"\/>\n<\/svg>\t\t<\/div>\n\t\t\t\t\t<div class=\"elementor-container elementor-column-gap-default\">\n\t\t\t\t\t<div class=\"elementor-column elementor-col-100 elementor-top-column elementor-element elementor-element-c3dd21f\" data-id=\"c3dd21f\" data-element_type=\"column\" data-e-type=\"column\">\n\t\t\t<div class=\"elementor-widget-wrap\">\n\t\t\t\t\t\t\t<\/div>\n\t\t<\/div>\n\t\t\t\t\t<\/div>\n\t\t<\/section>\n\t\t<div class=\"elementor-element elementor-element-6cf4a61 e-flex e-con-boxed e-con e-parent\" data-id=\"6cf4a61\" data-element_type=\"container\" data-e-type=\"container\" data-settings=\"{&quot;_ha_eqh_enable&quot;:false}\">\n\t\t\t\t\t<div class=\"e-con-inner\">\n\t\t\t\t<div class=\"elementor-element elementor-element-3235f4a elementor-widget elementor-widget-spacer\" data-id=\"3235f4a\" data-element_type=\"widget\" data-e-type=\"widget\" data-widget_type=\"spacer.default\">\n\t\t\t\t\t\t\t<div class=\"elementor-spacer\">\n\t\t\t<div class=\"elementor-spacer-inner\"><\/div>\n\t\t<\/div>\n\t\t\t\t\t\t<\/div>\n\t\t\t\t<div class=\"elementor-element elementor-element-73759e1 elementor-widget elementor-widget-heading\" data-id=\"73759e1\" data-element_type=\"widget\" data-e-type=\"widget\" data-widget_type=\"heading.default\">\n\t\t\t\t\t<h2 class=\"elementor-heading-title elementor-size-default\">Legal Notice<\/h2>\t\t\t\t<\/div>\n\t\t\t\t\t<\/div>\n\t\t\t\t<\/div>\n\t\t<div class=\"elementor-element elementor-element-56c9cda e-flex e-con-boxed e-con e-parent\" data-id=\"56c9cda\" data-element_type=\"container\" data-e-type=\"container\" data-settings=\"{&quot;_ha_eqh_enable&quot;:false}\">\n\t\t\t\t\t<div class=\"e-con-inner\">\n\t\t\t\t<div class=\"elementor-element elementor-element-e5b1ce2 elementor-widget elementor-widget-spacer\" data-id=\"e5b1ce2\" data-element_type=\"widget\" data-e-type=\"widget\" data-widget_type=\"spacer.default\">\n\t\t\t\t\t\t\t<div class=\"elementor-spacer\">\n\t\t\t<div class=\"elementor-spacer-inner\"><\/div>\n\t\t<\/div>\n\t\t\t\t\t\t<\/div>\n\t\t\t\t\t<\/div>\n\t\t\t\t<\/div>\n\t\t<div class=\"elementor-element elementor-element-b7a5b30 e-flex e-con-boxed e-con e-parent\" data-id=\"b7a5b30\" data-element_type=\"container\" data-e-type=\"container\" data-settings=\"{&quot;_ha_eqh_enable&quot;:false}\">\n\t\t\t\t\t<div class=\"e-con-inner\">\n\t\t\t\t<div class=\"elementor-element elementor-element-f60c7c0 elementor-widget elementor-widget-text-editor\" data-id=\"f60c7c0\" data-element_type=\"widget\" data-e-type=\"widget\" data-widget_type=\"text-editor.default\">\n\t\t\t\t\t\t\t\t\t<p class=\"translation-block\"><strong>Website Operator:<\/strong><br>PT Bali Dive and Speed<br>Amed St, Bunutan, Amed, Karangasem Regency, Bali<br>80852 Amed<br>Indonesia<\/p><p>\u00a0<\/p><p class=\"translation-block\"><strong>Contact:<\/strong><br>Phone: +62 821 4403 4025<br>E-Mail: info@liquidblebali.com<br>Website: www.liquidbluebali.com<\/p><p>\u00a0<\/p><p class=\"translation-block\"><strong>Company Registration:<\/strong>\nRegistered in the Indonesian Company Register (NIB \/ PT Registration).<\/p><p><!-- \/wp:paragraph --> <!-- wp:paragraph --><\/p><p class=\"translation-block\">Registration Number: OSS 93242 Wisata Selam\nTax ID (NPWP): 50.267.374.2-907.000<\/p><p>\u00a0<\/p><p>\u00a0<\/p><p><strong>Last Updated:<\/strong> 26.03.2026<\/p><p><!-- \/wp:paragraph --><\/p>\t\t\t\t\t\t\t\t<\/div>\n\t\t\t\t\t<\/div>\n\t\t\t\t<\/div>\n\t\t<div class=\"elementor-element elementor-element-2dafabc e-flex e-con-boxed e-con e-parent\" data-id=\"2dafabc\" data-element_type=\"container\" data-e-type=\"container\" data-settings=\"{&quot;_ha_eqh_enable&quot;:false}\">\n\t\t\t\t\t<div class=\"e-con-inner\">\n\t\t\t\t<div class=\"elementor-element elementor-element-8758b3f elementor-widget elementor-widget-spacer\" data-id=\"8758b3f\" data-element_type=\"widget\" data-e-type=\"widget\" data-widget_type=\"spacer.default\">\n\t\t\t\t\t\t\t<div class=\"elementor-spacer\">\n\t\t\t<div class=\"elementor-spacer-inner\"><\/div>\n\t\t<\/div>\n\t\t\t\t\t\t<\/div>\n\t\t\t\t\t<\/div>\n\t\t\t\t<\/div>\n\t\t<div class=\"elementor-element elementor-element-6077f76 e-flex e-con-boxed e-con e-parent\" data-id=\"6077f76\" data-element_type=\"container\" data-e-type=\"container\" data-settings=\"{&quot;_ha_eqh_enable&quot;:false}\">\n\t\t\t\t\t<div class=\"e-con-inner\">\n\t\t\t\t<div class=\"elementor-element elementor-element-7838399 elementor-widget elementor-widget-heading\" data-id=\"7838399\" data-element_type=\"widget\" data-e-type=\"widget\" data-widget_type=\"heading.default\">\n\t\t\t\t\t<h2 class=\"elementor-heading-title elementor-size-default\">Disclaimer<\/h2>\t\t\t\t<\/div>\n\t\t\t\t<div class=\"elementor-element elementor-element-a2deb14 elementor-widget elementor-widget-spacer\" data-id=\"a2deb14\" data-element_type=\"widget\" data-e-type=\"widget\" data-widget_type=\"spacer.default\">\n\t\t\t\t\t\t\t<div class=\"elementor-spacer\">\n\t\t\t<div class=\"elementor-spacer-inner\"><\/div>\n\t\t<\/div>\n\t\t\t\t\t\t<\/div>\n\t\t\t\t\t<\/div>\n\t\t\t\t<\/div>\n\t\t<div class=\"elementor-element elementor-element-527afbb e-flex e-con-boxed e-con e-parent\" data-id=\"527afbb\" data-element_type=\"container\" data-e-type=\"container\" data-settings=\"{&quot;_ha_eqh_enable&quot;:false}\">\n\t\t\t\t\t<div class=\"e-con-inner\">\n\t\t\t\t<div class=\"elementor-element elementor-element-43c51e9 elementor-widget elementor-widget-text-editor\" data-id=\"43c51e9\" data-element_type=\"widget\" data-e-type=\"widget\" data-widget_type=\"text-editor.default\">\n\t\t\t\t\t\t\t\t\t<p><!-- wp:heading --><\/p><h2 class=\"wp-block-heading\">1. Content of Online Offers<\/h2><p><!-- \/wp:heading --> <!-- wp:paragraph --><\/p><p>The author assumes no liability for the relevance, correctness, completeness, or quality of the information provided. Liability claims against the author relating to material or non-material damages caused by the use or non-use of the information provided, or by the use of incorrect or incomplete information, are generally excluded, provided there is no demonstrable intentional or gross negligence on the part of the author.<\/p><p><!-- \/wp:paragraph --> <!-- wp:heading --><\/p><h2 class=\"wp-block-heading\">2. References and Links<\/h2><p><!-- \/wp:heading --> <!-- wp:paragraph --><\/p><p id=\"p-rc_a504bd060455757a-27\" class=\"translation-block\">In the case of direct or indirect references to external websites (\"links\") that lie outside the author's area of responsibility, a liability obligation would only come into effect if the author had knowledge of the content and it was technically possible and reasonable for the author to prevent its use in the event of illegal content. The author hereby expressly declares that at the time the links were created, no illegal content was recognizable on the linked pages.<\/p><p><!-- \/wp:paragraph --> <!-- wp:heading --><\/p><h2 class=\"wp-block-heading\">3. Copyright and Trademark Law<\/h2><p><!-- \/wp:heading --> <!-- wp:paragraph --><\/p><p id=\"p-rc_a504bd060455757a-28\" class=\"translation-block\">The author endeavors to observe the copyrights of the graphics, sound documents, video sequences, and texts used in all publications, to use graphics, sound documents, video sequences, and texts created by the author, or to use license-free graphics, sound documents, video sequences, and texts. The copyright for published objects created by the author remains solely with the author of the pages. Any duplication or use of such graphics, sound documents, video sequences, and texts in other electronic or printed publications is not permitted without the express consent of the author.<\/p><p><!-- \/wp:paragraph --> <!-- wp:heading --><\/p><h2 class=\"wp-block-heading\">4. Special Note for Diving Activities<\/h2><p><!-- \/wp:heading --> <!-- wp:paragraph --><\/p><p>The information provided on this website regarding diving courses, dive sites, and safety regulations is for informational purposes only. It does not replace professional diving training or briefings provided by certified diving instructors on-site. Participation in diving activities is at your own risk. Liquid Blue Bali assumes no liability for accidents resulting from the misinterpretation of the website's content.<\/p><p><!-- \/wp:paragraph --> <!-- wp:heading --><\/p><h2 class=\"wp-block-heading\">5. Legal Validity of this Disclaimer<\/h2><p><!-- \/wp:heading --> <!-- wp:paragraph --><\/p><p>This disclaimer is to be regarded as part of the internet offer from which you were referred to this page. If parts or individual formulations of this text do not, no longer, or do not completely correspond to the current legal situation, the remaining parts of the document remain unaffected in their content and validity.<\/p><p><!-- \/wp:paragraph --><\/p>\t\t\t\t\t\t\t\t<\/div>\n\t\t\t\t<div class=\"elementor-element elementor-element-9a15104 elementor-widget elementor-widget-spacer\" data-id=\"9a15104\" data-element_type=\"widget\" data-e-type=\"widget\" data-widget_type=\"spacer.default\">\n\t\t\t\t\t\t\t<div class=\"elementor-spacer\">\n\t\t\t<div class=\"elementor-spacer-inner\"><\/div>\n\t\t<\/div>\n\t\t\t\t\t\t<\/div>\n\t\t\t\t\t<\/div>\n\t\t\t\t<\/div>\n\t\t\t\t<\/div>","protected":false},"excerpt":{"rendered":"<p>Impressum Website-Betreiber:PT Bali Dive and SpeedAmed St, Bunutan, Amed, Karangasem Regency, Bali80852 AmedIndonesien \u00a0 Kontaktinformationen:Telefon: +62 821 4403 4025E-Mail: info@liquidblebali.comWebsite: www.liquidbluebali.com \u00a0 Unternehmensregistrierung:Registereintrag: Eintrag im Indonesischen Firmenregister\u00a0 Registrierungsnummer: OSS 93242 Wisata SelamSteuer- ID: 50.267.374.2-907.000 \u00a0 \u00a0 Letzte Aktualisierung: 26.03.2026 Haftungsausschluss (Disclaimer) 1. Online-Inhalte Der Autor \u00fcbernimmt keinerlei Gew\u00e4hr f\u00fcr die Aktualit\u00e4t, Korrektheit, Vollst\u00e4ndigkeit oder Qualit\u00e4t [&hellip;]<\/p>\n","protected":false},"author":1,"featured_media":0,"parent":0,"menu_order":0,"comment_status":"closed","ping_status":"closed","template":"","meta":{"footnotes":""},"class_list":["post-2555","page","type-page","status-publish","hentry"],"_links":{"self":[{"href":"https:\/\/liquidbluebali.com\/en\/wp-json\/wp\/v2\/pages\/2555","targetHints":{"allow":["GET"]}}],"collection":[{"href":"https:\/\/liquidbluebali.com\/en\/wp-json\/wp\/v2\/pages"}],"about":[{"href":"https:\/\/liquidbluebali.com\/en\/wp-json\/wp\/v2\/types\/page"}],"author":[{"embeddable":true,"href":"https:\/\/liquidbluebali.com\/en\/wp-json\/wp\/v2\/users\/1"}],"replies":[{"embeddable":true,"href":"https:\/\/liquidbluebali.com\/en\/wp-json\/wp\/v2\/comments?post=2555"}],"version-history":[{"count":19,"href":"https:\/\/liquidbluebali.com\/en\/wp-json\/wp\/v2\/pages\/2555\/revisions"}],"predecessor-version":[{"id":2695,"href":"https:\/\/liquidbluebali.com\/en\/wp-json\/wp\/v2\/pages\/2555\/revisions\/2695"}],"wp:attachment":[{"href":"https:\/\/liquidbluebali.com\/en\/wp-json\/wp\/v2\/media?parent=2555"}],"curies":[{"name":"wp","href":"https:\/\/api.w.org\/{rel}","templated":true}]}}